{"id":12048,"date":"2021-12-20T12:19:16","date_gmt":"2021-12-20T12:19:16","guid":{"rendered":"https:\/\/tedavitr.com\/privacy_policy\/"},"modified":"2025-01-01T19:13:36","modified_gmt":"2025-01-01T19:13:36","slug":"privacy_policy","status":"publish","type":"page","link":"https:\/\/tedavitr.com\/tr\/privacy_policy\/","title":{"rendered":"Gizlilik Politikas\u0131"},"content":{"rendered":"\t\t<div data-elementor-type=\"wp-page\" data-elementor-id=\"12048\" class=\"elementor elementor-12048 elementor-3895\" data-elementor-post-type=\"page\">\n\t\t\t\t<div class=\"elementor-element elementor-element-182496e3 e-flex e-con-boxed e-con e-parent\" data-id=\"182496e3\" data-element_type=\"container\">\n\t\t\t\t\t<div class=\"e-con-inner\">\n\t\t\t\t<div class=\"elementor-element elementor-element-390c6530 elementor-widget elementor-widget-text-editor\" data-id=\"390c6530\" data-element_type=\"widget\" data-widget_type=\"text-editor.default\">\n\t\t\t\t<div class=\"elementor-widget-container\">\n\t\t\t\t\t\t\t\t\t<h1><span style=\"color: #3dbfde;\">Gizlilik Politikas\u0131<\/span><\/h1><p>Verilerinizin \u0130nternetteki Gizlili\u011fi Konusundaki Endi\u015feleriniz Ve \u0130lginiz \u0130\u00e7in Te\u015fekk\u00fcr Ederiz. Bu Politika, Web Sitemizi Ziyaret Etti\u011finizde Sizden Toplad\u0131\u011f\u0131m\u0131z Verilerin Do\u011fas\u0131n\u0131 Ve Ki\u015fisel Bilgilerinizi Nas\u0131l \u0130\u015fleyece\u011fimizi Anlaman\u0131za Yard\u0131mc\u0131 Olmak \u0130\u00e7in Haz\u0131rlanm\u0131\u015ft\u0131r.<\/p><p><strong>Gezinti:<\/strong> Bu Web Sitesini, Bilginiz Ve Onay\u0131n\u0131z Olmadan Bilgilerinizi Bilgisayar\u0131n\u0131zdan Toplayacak \u015eekilde Tasarlamad\u0131k. Yaln\u0131zca Siz Taraf\u0131n\u0131zdan Sa\u011flanan Veriler, Sizinle \u0130leti\u015fime Ge\u00e7mek \u0130\u00e7in Kullan\u0131lacakt\u0131r.<\/p><p><strong>\u0130nternet Protokol\u00fc (IP) Adresi:<\/strong> Web Sitesine Her Ziyaretinizde, Bar\u0131nd\u0131rma Sunucusu IP Adresinizi, Ziyaret Tarih Ve Saatinizi, Kulland\u0131\u011f\u0131n\u0131z Web Taray\u0131c\u0131 T\u00fcr\u00fcn\u00fc Ve Referans Web Sitelerinin URL&#8217;lerini Kaydeder.<\/p><p><strong>\u00c7evrimi\u00e7i Anketler:<\/strong> \u00c7evrimi\u00e7i Anketlerimiz, Web Sitemiz Hakk\u0131nda G\u00f6r\u00fc\u015fleriniz Ve D\u00fc\u015f\u00fcncelerinizi Toplamam\u0131za Yard\u0131mc\u0131 Olur. Cevaplar\u0131n\u0131z, Web Sitemizi Geli\u015ftirmemize Yard\u0131mc\u0131 Oldu\u011fu \u0130\u00e7in Son derece De\u011ferlidir. Ad\u0131n\u0131z\u0131 Ve Di\u011fer Bilgilerinizi Sa\u011flamak Veya Sa\u011flamamakta Serbestsiniz.<\/p><p><strong>Bilgilerin Gizlili\u011fi:<\/strong> Toplad\u0131\u011f\u0131m\u0131z T\u00fcm Ki\u015fisel Verilerin Gizlili\u011fini Ve Mahremiyetini Daima Koruyaca\u011f\u0131z. Bu Bilgiler Asla A\u00e7\u0131klanmayacak Ve Y\u00fcksek Gizlilikte Kalacakt\u0131r, \u0130leti\u015fim Verileri, \u0130simler, Foto\u011fraflar Ve Di\u011fer Detaylar D\u00e2hil.<\/p><p><strong>\u0130stenilen \u0130\u015flemleri Tamamlamak \u0130\u00e7in Gereken Veriler:<\/strong> Sizden Ki\u015fisel Veri \u0130htiyac\u0131 Duydu\u011fumuzda, Sizi Belirli Gereksinimler Hakk\u0131nda Bilgilendirece\u011fiz.<\/p><p><strong>Bize \u0130leti\u015fim Kurdu\u011funuzda<\/strong><\/p><p>Taraf\u0131n\u0131zdan Sa\u011flanan T\u00fcm Veriler Gizli Olarak \u0130\u015flenecektir. Do\u011frudan A\u011f\u0131 \u00dczerinden G\u00f6nderilen Formlar, Web Sitemizi Geli\u015ftirmemize Yard\u0131mc\u0131 Olacak Bilgileri \u0130\u00e7ermektedir. Sa\u011flad\u0131\u011f\u0131n\u0131z Veriler, Web Sitemiz Veya Ba\u011flant\u0131l\u0131 Siteler \u00dczerinden Yap\u0131lan Sorgular\u0131n\u0131za, Yorumlar\u0131n\u0131za Veya Taleplerinize Yan\u0131t Vermek \u0130\u00e7in Kullan\u0131lacakt\u0131r.<\/p><p><strong>\u00dc\u00e7\u00fcnc\u00fc Taraflara Bilgi A\u00e7\u0131klama:<\/strong> Web Sitemiz Veya Ba\u011flant\u0131l\u0131 Siteler D\u0131\u015f\u0131nda Herhangi Bir \u00dc\u00e7\u00fcnc\u00fc Taraf \u0130\u00e7in Hi\u00e7bir Bilgi Sat\u0131lmayacak, Ticareti Yap\u0131lmayacak, Kiralanmayacak Veya A\u00e7\u0131klanmayacakt\u0131r. Bilgi, Yarg\u0131 Veya D\u00fczenleyici Otoriteler Taraf\u0131ndan Verilen Bir Karara G\u00f6re A\u00e7\u0131klanabilir.<\/p><p><strong>Bize \u0130leti\u015fim Kurun:<\/strong> \u0130htiya\u00e7 Duydu\u011funuzda, Web Sitemizdeki &#8220;\u0130leti\u015fim&#8221; Ba\u011flant\u0131s\u0131n\u0131 T\u0131klayarak Veya Sa\u011flanan E-posta Adresimize E-posta G\u00f6ndererek Bizimle \u0130leti\u015fime Ge\u00e7ebilirsiniz.<\/p><p><strong>Son Olarak:<\/strong> Verilerinizin Gizlili\u011fi Konusundaki Endi\u015feleriniz Bizim \u0130\u00e7in Son derece \u00d6nemlidir. Bu Politikan\u0131n Bu Endi\u015felere Yan\u0131t Verdi\u011fini Umuyoruz.<\/p><p><strong>Ki\u015fisel Verilerin Korunmas\u0131 Hakk\u0131nda Ayd\u0131nlatma Metni ve Onay Metni<\/strong><\/p><p>Ki\u015fisel Verilerin Korunmas\u0131 Kanunu \/ KVKK No. 6668\u2019e G\u00f6re, Ger\u00e7ek Bir Ki\u015fiyi Tan\u0131mlamaya Yard\u0131mc\u0131 Olan Veya Kimli\u011fini A\u00e7\u0131\u011fa \u00c7\u0131karabilecek Her T\u00fcrl\u00fc Ki\u015fisel Bilgiyi Kapsar. Bu Kapsamda, Tedavi (Tedavi) Hakk\u0131nda Sizinle \u0130lgili Tutulan Verileri, Bu Verilerin \u0130\u015flenme Ama\u00e7lar\u0131n\u0131, Hukuki Dayanaklar\u0131, Nas\u0131l Topland\u0131\u011f\u0131n\u0131, Kiminle Payla\u015f\u0131ld\u0131\u011f\u0131n\u0131, Hangi Ama\u00e7la Verildi\u011fini Ve Bu Konularla \u0130lgili Olan Veya Olmayan Haklar\u0131n\u0131z Hakk\u0131nda A\u015fa\u011f\u0131da Bilgilendirmek \u0130stiyoruz.<\/p><p>1- Ki\u015fisel Verilerin Toplanma Y\u00f6ntemleri Ve Hukuki Sebepler:<\/p><p>Tedavi, Veri Sorumlusu Olarak, Ki\u015fisel Verilerinizi Web Sitesi, Mobil Uygulamalar, \u00c7a\u011fr\u0131 Merkezleri, Perakende Ma\u011fazalar, Sosyal Medya, Do\u011frudan \u0130leti\u015fim Kanallar\u0131 Ve Fiziksel Kanallar Gibi \u00c7e\u015fitli Kanallar Arac\u0131l\u0131\u011f\u0131yla Toplar. Bu Y\u00f6ntemler, \u0130lgili Yasalara, S\u00f6zle\u015fmesel Anla\u015fmalara Ve Ticari Uygulamalara Uygun Olarak, Sizlere Kaliteli Hizmetler Sunmak Ve Ticari Faaliyetlerde Bulunmak Amac\u0131yla Ki\u015fisel Verilerinizi S\u00f6zl\u00fc, Yaz\u0131l\u0131 Veya Elektronik Olarak Toplamak \u0130\u00e7in Kullan\u0131l\u0131r.<\/p><p>Bu Kapsamda, Ki\u015fisel Ve Sa\u011fl\u0131k Verileriniz, Tedavi Taraf\u0131ndan Veya A\u015fa\u011f\u0131da Belirtilen Y\u00f6ntemleri Kullanan \u00dc\u00e7\u00fcnc\u00fc \u015eah\u0131slar Taraf\u0131ndan Toplan\u0131r Ve \u0130\u015flenir. Ancak Bunlarla S\u0131n\u0131rl\u0131 Olmamak \u00dczere:<\/p><ul><li>\u00dcyelik Eri\u015fimi Sa\u011flayan Sosyal Medya A\u011f\u0131.<\/li><li>Web Sitemizde Veya \u00dc\u00e7\u00fcnc\u00fc Taraf Web Sitelerinde \u0130leti\u015fim \u0130\u00e7in Doldurulan \u0130leti\u015fim Formlar\u0131.<\/li><li>\u00c7evrimi\u00e7i Al\u0131\u015fveri\u015f Uygulamalar\u0131 Ve Kimli\u011finizi Tan\u0131mak \u0130\u00e7in Kullan\u0131lan \u00c7erezler, Ayr\u0131ca Mobil Uygulamalar.<\/li><li>\u015eirketimizle \u0130mzalanan S\u00f6zle\u015fmeler, Her T\u00fcrl\u00fc Elektronik Mesajlar, Talepler, \u00c7al\u0131\u015fma Emirleri, Fakslar Ve \u015eirketimize G\u00f6nderilen Mesajlar.<\/li><li>\u015eirket Ad\u0131na Veri Kaydeden \u00dc\u00e7\u00fcnc\u00fc Taraf \u015eirketler Veya \u00dcyelik Program\u0131n\u0131n Herhangi Bir A\u015famas\u0131nda Destek Verenler.<\/li><li>M\u00fc\u015fteri Hizmetleri Kanallar\u0131, \u00c7al\u0131\u015fanlar\u0131m\u0131z, Dijital Al\u0131\u015fveri\u015f Ve \u00c7a\u011fr\u0131 Merkezleri.<\/li><li>Sosyal Medyan\u0131n Ve Di\u011fer \u0130leti\u015fim Kanallar\u0131n\u0131n Kullan\u0131m\u0131.<\/li><\/ul><p>2- Ki\u015fisel Verilerin \u0130\u015flenmesi Ve \u0130\u015flenme Ama\u00e7lar\u0131:<\/p><p>Tedavi Olarak, Yukar\u0131da Bahsedilen Y\u00f6ntemlerle Toplanan Ki\u015fisel Ve\/Veya Hassas Verilerinizi Kaydeder, Depolar, G\u00fcnceller, Periyodik Olarak Do\u011frular, Yeniden D\u00fczenler, S\u0131n\u0131fland\u0131r\u0131r Ve \u0130\u015fleme Amac\u0131na Ula\u015fmak \u0130\u00e7in Veya \u0130lgili Kanunda Belirtilen S\u00fcre Boyunca Saklar\u0131z. Bu Veriler, A\u015fa\u011f\u0131da Detayl\u0131 Olarak Belirtilen \u00dc\u00e7\u00fcnc\u00fc Taraflarla Payla\u015f\u0131labilir\/Veya Yurtd\u0131\u015f\u0131na Aktar\u0131labilir.<\/p><p>Kampanyalar\u0131m\u0131zla \u0130lgili Olarak, Tedavi M\u00fc\u015fterilerinin Markam\u0131z\u0131n Hizmetlerinden Faydalanmalar\u0131n\u0131 Sa\u011flamak, Ticari Ve Pazarlama Stratejilerini Tan\u0131mlamak Ve Geli\u015ftirmek, \u00d6nerilerinizi Ve \u015eikayetlerinizi Kaydetmek, Hizmetlerimizi \u0130htiya\u00e7lar\u0131n\u0131za Uygun Hale Getirmek \u0130\u00e7in Ki\u015fisel Verilerinizi \u0130\u015fleyebiliriz. Bu, Promosyonel Ve Medya Faaliyetlerimizde Sizi Y\u00f6nlendirmemize, Hizmet Faaliyetlerinin Gerekli Analizlerini Yapmam\u0131za Ve Size Daha \u0130yi Bir Hizmet Profili Olu\u015fturmam\u0131za Yard\u0131mc\u0131 Olacakt\u0131r. Bu \u0130\u015flemler, Ki\u015fisel Verilerin Korunmas\u0131 Kanunu No. 6698 Ve \u0130lgili D\u00fczenlemelere Uygun Olarak, Tedavi\u2019nin Ticari Stratejilerini Tan\u0131mlamak Ve Uygulamak \u0130\u00e7in Ger\u00e7ekle\u015ftirilecektir.<\/p><p>3- Ki\u015fisel Verilerin \u00dc\u00e7\u00fcnc\u00fc Taraflara Ve Yurtd\u0131\u015f\u0131na Aktar\u0131lmas\u0131:<\/p><p>Tedavi, Ki\u015fisel Verilerinizi \u0130lgili Yetkili Makamlarla, Grup \u015eirketlerimizle, \u0130\u015f Ortaklar\u0131m\u0131zla Ve Kullanmakta Oldu\u011fumuz Bilgi Teknolojileriyle Payla\u015fabilir. Ayr\u0131ca, Hizmet Sunumunu Destekleyen \u015eirketler, Fiziksel Sunucular Ve Bulut Hizmetleri Gibi Hizmetleri Ald\u0131\u011f\u0131m\u0131z \u015eirketlerle, Veri Kayd\u0131n\u0131 Ve \u0130\u015flenmesini Destekleyen \u015eirketlerle, Profilleme Deste\u011fi Sa\u011flayan \u015eirketlerle, M\u00fc\u015fteri Memnuniyetini \u00d6l\u00e7en \u015eirketlerle, Aktivite Alanlar\u0131m\u0131za Dayal\u0131 Olarak Hizmet Sa\u011flad\u0131\u011f\u0131m\u0131z M\u00fc\u015fterilerle, Tedarik\u00e7ilerle, D\u00fczenleyici \u015eirketlerle Veya Kamu Kurumlar\u0131yla Bilgi Payla\u015f\u0131labilir. Bu Payla\u015f\u0131m, Veri Sahipleri \u0130le M\u00fc\u015fterilerimiz Aras\u0131ndaki \u0130\u015f \u0130li\u015fkilerini G\u00fcvence Alt\u0131na Almak Ve\/Veya R\u00f6portajlar Yapmak, Hizmetler Sa\u011flamak, F\u0131rsatlar Sunmak Ve Hizmet Kalitesini Geli\u015ftirmek Ama\u00e7lar\u0131yla Ger\u00e7ekle\u015ftirilecektir. B\u00fct\u00fcn Bu Payla\u015f\u0131mlar, Ki\u015fisel Verilerin Korunmas\u0131 Kanunu Ve \u0130lgili Mevzuata Uygun Olarak, Hem Yurt \u0130\u00e7inde Hem De Yurtd\u0131\u015f\u0131nda Gerekli G\u00fcvenlik Tedbirleri Al\u0131narak Yap\u0131lacakt\u0131r.<\/p><p>4- Ki\u015fisel Verilerin Korunmas\u0131 Kanunu Madde 11 Kapsam\u0131nda Veri Sahiplerinin Haklar\u0131:<\/p><p>Tedavi, Ki\u015fisel Veri Sahiplerinin A\u015fa\u011f\u0131daki Taleplerini Yerine Getirecektir:<\/p><ul><li>Tedavi&#8217;nin Ki\u015fisel Verilerini Kaydedip Kaydetmedi\u011fini Ve Hangi Verilerin Kaydedildi\u011fini Bilmek.<\/li><li>Veri \u0130\u015fleme Faaliyetlerinin Amac\u0131n\u0131 \u00d6\u011frenmek.<\/li><li>Ki\u015fisel Verilerinin Hangi \u00dc\u00e7\u00fcnc\u00fc Taraflarla Payla\u015f\u0131ld\u0131\u011f\u0131n\u0131 Bilmek.<\/li><li>Ki\u015fisel Verilerinin Yanl\u0131\u015f Veya Eksik Kaydedilmesi Durumunda D\u00fczeltilmesini Talep Etmek.<\/li><li>Ki\u015fisel Verilerinin Yasal Gerekliliklere G\u00f6re Silinmesini Veya Yok Edilmesini Talep Etmek.<\/li><li>Ki\u015fisel Verilerinin D\u00fczeltilmesi, Silinmesi Veya Yok Edilmesi Durumunda, Bu \u0130\u015flemlerin Ger\u00e7ekle\u015fti\u011fi \u00dc\u00e7\u00fcnc\u00fc Taraflara Bildirilmesini Talep Etmek.<\/li><li>Ki\u015fisel Verilerin Otomatik \u0130\u015flenmesi Sonucu Kendisine Karar Verilmesi Durumunda \u0130tiraz Etmek.<\/li><li>Ki\u015fisel Verilerini Talep Etmek Ve Kopyalar\u0131n\u0131 Almak.<\/li><\/ul><p>G\u00f6r\u00fc\u015fleriniz Ve Sorgular\u0131n\u0131z \u0130\u00e7in Bizimle \u0130leti\u015fime Ge\u00e7ebilirsiniz.<\/p><p>\u00a0<\/p>\t\t\t\t\t\t\t\t<\/div>\n\t\t\t\t<\/div>\n\t\t\t\t\t<\/div>\n\t\t\t\t<\/div>\n\t\t\t\t<\/div>\n\t\t","protected":false},"excerpt":{"rendered":"<p>Gizlilik Politikas\u0131 Verilerinizin \u0130nternetteki Gizlili\u011fi Konusundaki Endi\u015feleriniz Ve \u0130lginiz \u0130\u00e7in Te\u015fekk\u00fcr Ederiz. Bu Politika, Web Sitemizi Ziyaret Etti\u011finizde Sizden Toplad\u0131\u011f\u0131m\u0131z Verilerin Do\u011fas\u0131n\u0131 Ve Ki\u015fisel Bilgilerinizi Nas\u0131l \u0130\u015fleyece\u011fimizi Anlaman\u0131za Yard\u0131mc\u0131 Olmak \u0130\u00e7in Haz\u0131rlanm\u0131\u015ft\u0131r. Gezinti: Bu Web Sitesini, Bilginiz Ve Onay\u0131n\u0131z Olmadan Bilgilerinizi Bilgisayar\u0131n\u0131zdan Toplayacak \u015eekilde Tasarlamad\u0131k. Yaln\u0131zca Siz Taraf\u0131n\u0131zdan Sa\u011flanan Veriler, Sizinle \u0130leti\u015fime Ge\u00e7mek \u0130\u00e7in Kullan\u0131lacakt\u0131r&#8230;.<\/p>\n","protected":false},"author":1,"featured_media":0,"parent":0,"menu_order":0,"comment_status":"closed","ping_status":"closed","template":"","meta":{"_acf_changed":false,"inline_featured_image":false,"_monsterinsights_skip_tracking":false,"_monsterinsights_sitenote_active":false,"_monsterinsights_sitenote_note":"","_monsterinsights_sitenote_category":0,"footnotes":""},"class_list":["post-12048","page","type-page","status-publish","hentry"],"acf":[],"rankMath":{"parentDomain":"tedavitr.com","noFollowDomains":[],"noFollowExcludeDomains":[],"noFollowExternalLinks":false,"featuredImageNotice":"\u00d6ne \u00e7\u0131kan g\u00f6rsel, Facebook ve di\u011fer sosyal medya siteleri taraf\u0131ndan al\u0131nabilmesi i\u00e7in en az 200 x 200 piksel olmal\u0131d\u0131r.","pluginReviewed":false,"postSettings":{"linkSuggestions":true,"useFocusKeyword":false},"frontEndScore":false,"postName":"privacy_policy","permalinkFormat":"https:\/\/tedavitr.com\/tr\/%pagename%\/","showLockModifiedDate":true,"assessor":{"focusKeywordLink":"https:\/\/tedavitr.com\/wp-admin\/edit.php?focus_keyword=%focus_keyword%&post_type=%post_type%","hasTOCPlugin":true,"primaryTaxonomy":false,"serpData":{"title":"","description":"","focusKeywords":"","pillarContent":false,"canonicalUrl":"","breadcrumbTitle":"","advancedRobots":[],"facebookTitle":"","facebookDescription":"","facebookImage":"","facebookImageID":"","facebookHasOverlay":false,"facebookImageOverlay":"","facebookAuthor":"","twitterCardType":"","twitterUseFacebook":true,"twitterTitle":"","twitterDescription":"","twitterImage":"","twitterImageID":"","twitterHasOverlay":false,"twitterImageOverlay":"","twitterPlayerUrl":"","twitterPlayerSize":"","twitterPlayerStream":"","twitterPlayerStreamCtype":"","twitterAppDescription":"","twitterAppIphoneName":"","twitterAppIphoneID":"","twitterAppIphoneUrl":"","twitterAppIpadName":"","twitterAppIpadID":"","twitterAppIpadUrl":"","twitterAppGoogleplayName":"","twitterAppGoogleplayID":"","twitterAppGoogleplayUrl":"","twitterAppCountry":"","robots":{"index":true},"twitterAuthor":"kullan\u0131c\u0131 ad\u0131","primaryTerm":0,"authorName":"damatag","titleTemplate":"%title% %sep% %sitename%","descriptionTemplate":"%excerpt%","showScoreFrontend":true,"lockModifiedDate":false},"powerWords":[],"diacritics":{"A":"[\\u0041\\u24B6\\uFF21\\u00C0\\u00C1\\u00C2\\u1EA6\\u1EA4\\u1EAA\\u1EA8\\u00C3\\u0100\\u0102\\u1EB0\\u1EAE\\u1EB4\\u1EB2\\u0226\\u01E0\\u00C4\\u01DE\\u1EA2\\u00C5\\u01FA\\u01CD\\u0200\\u0202\\u1EA0\\u1EAC\\u1EB6\\u1E00\\u0104\\u023A\\u2C6F]","AA":"[\\uA732]","AE":"[\\u00C6\\u01FC\\u01E2]","AO":"[\\uA734]","AU":"[\\uA736]","AV":"[\\uA738\\uA73A]","AY":"[\\uA73C]","B":"[\\u0042\\u24B7\\uFF22\\u1E02\\u1E04\\u1E06\\u0243\\u0182\\u0181]","C":"[\\u0043\\u24B8\\uFF23\\u0106\\u0108\\u010A\\u010C\\u00C7\\u1E08\\u0187\\u023B\\uA73E]","D":"[\\u0044\\u24B9\\uFF24\\u1E0A\\u010E\\u1E0C\\u1E10\\u1E12\\u1E0E\\u0110\\u018B\\u018A\\u0189\\uA779]","DZ":"[\\u01F1\\u01C4]","Dz":"[\\u01F2\\u01C5]","E":"[\\u0045\\u24BA\\uFF25\\u00C8\\u00C9\\u00CA\\u1EC0\\u1EBE\\u1EC4\\u1EC2\\u1EBC\\u0112\\u1E14\\u1E16\\u0114\\u0116\\u00CB\\u1EBA\\u011A\\u0204\\u0206\\u1EB8\\u1EC6\\u0228\\u1E1C\\u0118\\u1E18\\u1E1A\\u0190\\u018E]","F":"[\\u0046\\u24BB\\uFF26\\u1E1E\\u0191\\uA77B]","G":"[\\u0047\\u24BC\\uFF27\\u01F4\\u011C\\u1E20\\u011E\\u0120\\u01E6\\u0122\\u01E4\\u0193\\uA7A0\\uA77D\\uA77E]","H":"[\\u0048\\u24BD\\uFF28\\u0124\\u1E22\\u1E26\\u021E\\u1E24\\u1E28\\u1E2A\\u0126\\u2C67\\u2C75\\uA78D]","I":"[\\u0049\\u24BE\\uFF29\\u00CC\\u00CD\\u00CE\\u0128\\u012A\\u012C\\u0130\\u00CF\\u1E2E\\u1EC8\\u01CF\\u0208\\u020A\\u1ECA\\u012E\\u1E2C\\u0197]","J":"[\\u004A\\u24BF\\uFF2A\\u0134\\u0248]","K":"[\\u004B\\u24C0\\uFF2B\\u1E30\\u01E8\\u1E32\\u0136\\u1E34\\u0198\\u2C69\\uA740\\uA742\\uA744\\uA7A2]","L":"[\\u004C\\u24C1\\uFF2C\\u013F\\u0139\\u013D\\u1E36\\u1E38\\u013B\\u1E3C\\u1E3A\\u0141\\u023D\\u2C62\\u2C60\\uA748\\uA746\\uA780]","LJ":"[\\u01C7]","Lj":"[\\u01C8]","M":"[\\u004D\\u24C2\\uFF2D\\u1E3E\\u1E40\\u1E42\\u2C6E\\u019C]","N":"[\\u004E\\u24C3\\uFF2E\\u01F8\\u0143\\u00D1\\u1E44\\u0147\\u1E46\\u0145\\u1E4A\\u1E48\\u0220\\u019D\\uA790\\uA7A4]","NJ":"[\\u01CA]","Nj":"[\\u01CB]","O":"[\\u004F\\u24C4\\uFF2F\\u00D2\\u00D3\\u00D4\\u1ED2\\u1ED0\\u1ED6\\u1ED4\\u00D5\\u1E4C\\u022C\\u1E4E\\u014C\\u1E50\\u1E52\\u014E\\u022E\\u0230\\u00D6\\u022A\\u1ECE\\u0150\\u01D1\\u020C\\u020E\\u01A0\\u1EDC\\u1EDA\\u1EE0\\u1EDE\\u1EE2\\u1ECC\\u1ED8\\u01EA\\u01EC\\u00D8\\u01FE\\u0186\\u019F\\uA74A\\uA74C]","OI":"[\\u01A2]","OO":"[\\uA74E]","OU":"[\\u0222]","P":"[\\u0050\\u24C5\\uFF30\\u1E54\\u1E56\\u01A4\\u2C63\\uA750\\uA752\\uA754]","Q":"[\\u0051\\u24C6\\uFF31\\uA756\\uA758\\u024A]","R":"[\\u0052\\u24C7\\uFF32\\u0154\\u1E58\\u0158\\u0210\\u0212\\u1E5A\\u1E5C\\u0156\\u1E5E\\u024C\\u2C64\\uA75A\\uA7A6\\uA782]","S":"[\\u0053\\u24C8\\uFF33\\u1E9E\\u015A\\u1E64\\u015C\\u1E60\\u0160\\u1E66\\u1E62\\u1E68\\u0218\\u015E\\u2C7E\\uA7A8\\uA784]","T":"[\\u0054\\u24C9\\uFF34\\u1E6A\\u0164\\u1E6C\\u021A\\u0162\\u1E70\\u1E6E\\u0166\\u01AC\\u01AE\\u023E\\uA786]","TZ":"[\\uA728]","U":"[\\u0055\\u24CA\\uFF35\\u00D9\\u00DA\\u00DB\\u0168\\u1E78\\u016A\\u1E7A\\u016C\\u00DC\\u01DB\\u01D7\\u01D5\\u01D9\\u1EE6\\u016E\\u0170\\u01D3\\u0214\\u0216\\u01AF\\u1EEA\\u1EE8\\u1EEE\\u1EEC\\u1EF0\\u1EE4\\u1E72\\u0172\\u1E76\\u1E74\\u0244]","V":"[\\u0056\\u24CB\\uFF36\\u1E7C\\u1E7E\\u01B2\\uA75E\\u0245]","VY":"[\\uA760]","W":"[\\u0057\\u24CC\\uFF37\\u1E80\\u1E82\\u0174\\u1E86\\u1E84\\u1E88\\u2C72]","X":"[\\u0058\\u24CD\\uFF38\\u1E8A\\u1E8C]","Y":"[\\u0059\\u24CE\\uFF39\\u1EF2\\u00DD\\u0176\\u1EF8\\u0232\\u1E8E\\u0178\\u1EF6\\u1EF4\\u01B3\\u024E\\u1EFE]","Z":"[\\u005A\\u24CF\\uFF3A\\u0179\\u1E90\\u017B\\u017D\\u1E92\\u1E94\\u01B5\\u0224\\u2C7F\\u2C6B\\uA762]","a":"[\\u0061\\u24D0\\uFF41\\u1E9A\\u00E0\\u00E1\\u00E2\\u1EA7\\u1EA5\\u1EAB\\u1EA9\\u00E3\\u0101\\u0103\\u1EB1\\u1EAF\\u1EB5\\u1EB3\\u0227\\u01E1\\u00E4\\u01DF\\u1EA3\\u00E5\\u01FB\\u01CE\\u0201\\u0203\\u1EA1\\u1EAD\\u1EB7\\u1E01\\u0105\\u2C65\\u0250]","aa":"[\\uA733]","ae":"[\\u00E6\\u01FD\\u01E3]","ao":"[\\uA735]","au":"[\\uA737]","av":"[\\uA739\\uA73B]","ay":"[\\uA73D]","b":"[\\u0062\\u24D1\\uFF42\\u1E03\\u1E05\\u1E07\\u0180\\u0183\\u0253]","c":"[\\u0063\\u24D2\\uFF43\\u0107\\u0109\\u010B\\u010D\\u00E7\\u1E09\\u0188\\u023C\\uA73F\\u2184]","d":"[\\u0064\\u24D3\\uFF44\\u1E0B\\u010F\\u1E0D\\u1E11\\u1E13\\u1E0F\\u0111\\u018C\\u0256\\u0257\\uA77A]","dz":"[\\u01F3\\u01C6]","e":"[\\u0065\\u24D4\\uFF45\\u00E8\\u00E9\\u00EA\\u1EC1\\u1EBF\\u1EC5\\u1EC3\\u1EBD\\u0113\\u1E15\\u1E17\\u0115\\u0117\\u00EB\\u1EBB\\u011B\\u0205\\u0207\\u1EB9\\u1EC7\\u0229\\u1E1D\\u0119\\u1E19\\u1E1B\\u0247\\u025B\\u01DD]","f":"[\\u0066\\u24D5\\uFF46\\u1E1F\\u0192\\uA77C]","g":"[\\u0067\\u24D6\\uFF47\\u01F5\\u011D\\u1E21\\u011F\\u0121\\u01E7\\u0123\\u01E5\\u0260\\uA7A1\\u1D79\\uA77F]","h":"[\\u0068\\u24D7\\uFF48\\u0125\\u1E23\\u1E27\\u021F\\u1E25\\u1E29\\u1E2B\\u1E96\\u0127\\u2C68\\u2C76\\u0265]","hv":"[\\u0195]","i":"[\\u0069\\u24D8\\uFF49\\u00EC\\u00ED\\u00EE\\u0129\\u012B\\u012D\\u00EF\\u1E2F\\u1EC9\\u01D0\\u0209\\u020B\\u1ECB\\u012F\\u1E2D\\u0268\\u0131]","j":"[\\u006A\\u24D9\\uFF4A\\u0135\\u01F0\\u0249]","k":"[\\u006B\\u24DA\\uFF4B\\u1E31\\u01E9\\u1E33\\u0137\\u1E35\\u0199\\u2C6A\\uA741\\uA743\\uA745\\uA7A3]","l":"[\\u006C\\u24DB\\uFF4C\\u0140\\u013A\\u013E\\u1E37\\u1E39\\u013C\\u1E3D\\u1E3B\\u017F\\u0142\\u019A\\u026B\\u2C61\\uA749\\uA781\\uA747]","lj":"[\\u01C9]","m":"[\\u006D\\u24DC\\uFF4D\\u1E3F\\u1E41\\u1E43\\u0271\\u026F]","n":"[\\u006E\\u24DD\\uFF4E\\u01F9\\u0144\\u00F1\\u1E45\\u0148\\u1E47\\u0146\\u1E4B\\u1E49\\u019E\\u0272\\u0149\\uA791\\uA7A5]","nj":"[\\u01CC]","o":"[\\u006F\\u24DE\\uFF4F\\u00F2\\u00F3\\u00F4\\u1ED3\\u1ED1\\u1ED7\\u1ED5\\u00F5\\u1E4D\\u022D\\u1E4F\\u014D\\u1E51\\u1E53\\u014F\\u022F\\u0231\\u00F6\\u022B\\u1ECF\\u0151\\u01D2\\u020D\\u020F\\u01A1\\u1EDD\\u1EDB\\u1EE1\\u1EDF\\u1EE3\\u1ECD\\u1ED9\\u01EB\\u01ED\\u00F8\\u01FF\\u0254\\uA74B\\uA74D\\u0275]","oi":"[\\u01A3]","ou":"[\\u0223]","oo":"[\\uA74F]","p":"[\\u0070\\u24DF\\uFF50\\u1E55\\u1E57\\u01A5\\u1D7D\\uA751\\uA753\\uA755]","q":"[\\u0071\\u24E0\\uFF51\\u024B\\uA757\\uA759]","r":"[\\u0072\\u24E1\\uFF52\\u0155\\u1E59\\u0159\\u0211\\u0213\\u1E5B\\u1E5D\\u0157\\u1E5F\\u024D\\u027D\\uA75B\\uA7A7\\uA783]","s":"[\\u0073\\u24E2\\uFF53\\u015B\\u1E65\\u015D\\u1E61\\u0161\\u1E67\\u1E63\\u1E69\\u0219\\u015F\\u023F\\uA7A9\\uA785\\u1E9B]","ss":"[\\u00DF]","t":"[\\u0074\\u24E3\\uFF54\\u1E6B\\u1E97\\u0165\\u1E6D\\u021B\\u0163\\u1E71\\u1E6F\\u0167\\u01AD\\u0288\\u2C66\\uA787]","tz":"[\\uA729]","u":"[\\u0075\\u24E4\\uFF55\\u00F9\\u00FA\\u00FB\\u0169\\u1E79\\u016B\\u1E7B\\u016D\\u00FC\\u01DC\\u01D8\\u01D6\\u01DA\\u1EE7\\u016F\\u0171\\u01D4\\u0215\\u0217\\u01B0\\u1EEB\\u1EE9\\u1EEF\\u1EED\\u1EF1\\u1EE5\\u1E73\\u0173\\u1E77\\u1E75\\u0289]","v":"[\\u0076\\u24E5\\uFF56\\u1E7D\\u1E7F\\u028B\\uA75F\\u028C]","vy":"[\\uA761]","w":"[\\u0077\\u24E6\\uFF57\\u1E81\\u1E83\\u0175\\u1E87\\u1E85\\u1E98\\u1E89\\u2C73]","x":"[\\u0078\\u24E7\\uFF58\\u1E8B\\u1E8D]","y":"[\\u0079\\u24E8\\uFF59\\u1EF3\\u00FD\\u0177\\u1EF9\\u0233\\u1E8F\\u00FF\\u1EF7\\u1E99\\u1EF5\\u01B4\\u024F\\u1EFF]","z":"[\\u007A\\u24E9\\uFF5A\\u017A\\u1E91\\u017C\\u017E\\u1E93\\u1E95\\u01B6\\u0225\\u0240\\u2C6C\\uA763]"},"researchesTests":["contentHasTOC","contentHasShortParagraphs","contentHasAssets","keywordInTitle","keywordInMetaDescription","keywordInPermalink","keywordIn10Percent","keywordInContent","keywordInSubheadings","keywordInImageAlt","keywordDensity","keywordNotUsed","lengthContent","lengthPermalink","linksHasInternal","linksHasExternals","linksNotAllExternals","titleStartWithKeyword","titleSentiment","titleHasPowerWords","titleHasNumber","hasContentAI"],"hasRedirection":false,"hasBreadcrumb":true},"homeUrl":"https:\/\/tedavitr.com\/tr\/","objectID":12048,"objectType":"post","locale":"tr","localeFull":"tr_TR","overlayImages":{"play":{"name":"Oynatma simgesi","url":"https:\/\/tedavitr.com\/wp-content\/plugins\/seo-by-rank-math\/assets\/admin\/img\/icon-play.png","path":"\/var\/www\/vhosts\/tedavitr.com\/httpdocs\/wp-content\/plugins\/seo-by-rank-math\/assets\/admin\/img\/icon-play.png","position":"middle_center"},"gif":{"name":"GIF simgesi","url":"https:\/\/tedavitr.com\/wp-content\/plugins\/seo-by-rank-math\/assets\/admin\/img\/icon-gif.png","path":"\/var\/www\/vhosts\/tedavitr.com\/httpdocs\/wp-content\/plugins\/seo-by-rank-math\/assets\/admin\/img\/icon-gif.png","position":"middle_center"}},"defautOgImage":"https:\/\/tedavitr.com\/wp-content\/plugins\/seo-by-rank-math\/assets\/admin\/img\/social-placeholder.jpg","customPermalinks":true,"isUserRegistered":false,"autoSuggestKeywords":false,"connectSiteUrl":"https:\/\/rankmath.com\/auth?site=https%3A%2F%2Ftedavitr.com%2Ftr%2F&r=https%3A%2F%2Ftedavitr.com%2Ftr%2Fwp-json%2Fwp%2Fv2%2Fpages%2F12048%3Fnonce%3D6df5f25dca","maxTags":5,"trendsIcon":"<svg viewBox=\"0 0 610 610\"><path d=\"M18.85,446,174.32,290.48l58.08,58.08L76.93,504a14.54,14.54,0,0,1-20.55,0L18.83,466.48a14.54,14.54,0,0,1,0-20.55Z\" style=\"fill:#4285f4\"\/><path d=\"M242.65,242.66,377.59,377.6l-47.75,47.75a14.54,14.54,0,0,1-20.55,0L174.37,290.43l47.75-47.75A14.52,14.52,0,0,1,242.65,242.66Z\" style=\"fill:#ea4335\"\/><polygon points=\"319.53 319.53 479.26 159.8 537.34 217.88 377.61 377.62 319.53 319.53\" style=\"fill:#fabb05\"\/><path d=\"M594.26,262.73V118.61h0a16.94,16.94,0,0,0-16.94-16.94H433.2a16.94,16.94,0,0,0-12,28.92L565.34,274.71h0a16.94,16.94,0,0,0,28.92-12Z\" style=\"fill:#34a853\"\/><rect width=\"610\" height=\"610\" style=\"fill:none\"\/><\/svg>","showScore":true,"siteFavIcon":"https:\/\/tedavitr.com\/wp-content\/uploads\/2024\/07\/Tedavi-Logo-icon-100x100.png","canUser":{"general":false,"advanced":false,"snippet":false,"social":false,"analysis":false,"analytics":false,"content_ai":false},"showKeywordIntent":true,"isPro":false,"is_front_page":false,"trendsUpgradeLink":"https:\/\/rankmath.com\/pricing\/?utm_source=Plugin&utm_medium=CE%20General%20Tab%20Trends&utm_campaign=WP","trendsUpgradeLabel":"Y\u00fckseltin","trendsPreviewImage":"https:\/\/tedavitr.com\/wp-content\/plugins\/seo-by-rank-math\/assets\/admin\/img\/trends-preview.jpg","currentEditor":false,"homepageData":{"assessor":{"powerWords":[],"diacritics":true,"researchesTests":["contentHasTOC","contentHasShortParagraphs","contentHasAssets","keywordInTitle","keywordInMetaDescription","keywordInPermalink","keywordIn10Percent","keywordInContent","keywordInSubheadings","keywordInImageAlt","keywordDensity","keywordNotUsed","lengthContent","lengthPermalink","linksHasInternal","linksHasExternals","linksNotAllExternals","titleStartWithKeyword","titleSentiment","titleHasPowerWords","titleHasNumber","hasContentAI"],"hasBreadcrumb":true,"serpData":{"title":"%sitename% %page% %sep% %sitedesc%","description":"","titleTemplate":"%sitename% %page% %sep% %sitedesc%","descriptionTemplate":"","focusKeywords":"","breadcrumbTitle":"\u0627\u0644\u0631\u0626\u064a\u0633\u064a\u0629","robots":{"index":true},"advancedRobots":[],"facebookTitle":"","facebookDescription":"","facebookImage":"","facebookImageID":""}}},"tocTitle":"\u062c\u062f\u0648\u0644 \u0627\u0644\u0645\u062d\u062a\u0648\u064a\u0627\u062a","tocExcludeHeadings":[],"listStyle":"ul"},"_links":{"self":[{"href":"https:\/\/tedavitr.com\/tr\/wp-json\/wp\/v2\/pages\/12048","targetHints":{"allow":["GET"]}}],"collection":[{"href":"https:\/\/tedavitr.com\/tr\/wp-json\/wp\/v2\/pages"}],"about":[{"href":"https:\/\/tedavitr.com\/tr\/wp-json\/wp\/v2\/types\/page"}],"author":[{"embeddable":true,"href":"https:\/\/tedavitr.com\/tr\/wp-json\/wp\/v2\/users\/1"}],"replies":[{"embeddable":true,"href":"https:\/\/tedavitr.com\/tr\/wp-json\/wp\/v2\/comments?post=12048"}],"version-history":[{"count":5,"href":"https:\/\/tedavitr.com\/tr\/wp-json\/wp\/v2\/pages\/12048\/revisions"}],"predecessor-version":[{"id":12054,"href":"https:\/\/tedavitr.com\/tr\/wp-json\/wp\/v2\/pages\/12048\/revisions\/12054"}],"wp:attachment":[{"href":"https:\/\/tedavitr.com\/tr\/wp-json\/wp\/v2\/media?parent=12048"}],"curies":[{"name":"wp","href":"https:\/\/api.w.org\/{rel}","templated":true}]}}